{"id":1397,"date":"2020-08-04T22:34:26","date_gmt":"2020-08-04T21:34:26","guid":{"rendered":"http:\/\/www.nachbarschaftstreff-dom.de\/?page_id=1397"},"modified":"2021-07-06T12:37:36","modified_gmt":"2021-07-06T11:37:36","slug":"kreativ-lab-mit-daniela","status":"publish","type":"page","link":"https:\/\/www.nachbarschaftstreff-dom.de\/?page_id=1397","title":{"rendered":"Kreativ-Lab mit Daniela"},"content":{"rendered":"\n<figure class=\"wp-block-image size-large is-resized\"><img loading=\"lazy\" decoding=\"async\" src=\"http:\/\/www.nachbarschaftstreff-dom.de\/wp-content\/uploads\/2020\/11\/dce62aef-4708-4b8b-84f7-c71783e7c779-1024x768.jpg\" alt=\"\" class=\"wp-image-1848\" width=\"481\" height=\"361\" srcset=\"https:\/\/www.nachbarschaftstreff-dom.de\/wp-content\/uploads\/2020\/11\/dce62aef-4708-4b8b-84f7-c71783e7c779-1024x768.jpg 1024w, https:\/\/www.nachbarschaftstreff-dom.de\/wp-content\/uploads\/2020\/11\/dce62aef-4708-4b8b-84f7-c71783e7c779-300x225.jpg 300w, https:\/\/www.nachbarschaftstreff-dom.de\/wp-content\/uploads\/2020\/11\/dce62aef-4708-4b8b-84f7-c71783e7c779-768x576.jpg 768w, https:\/\/www.nachbarschaftstreff-dom.de\/wp-content\/uploads\/2020\/11\/dce62aef-4708-4b8b-84f7-c71783e7c779-1536x1152.jpg 1536w, https:\/\/www.nachbarschaftstreff-dom.de\/wp-content\/uploads\/2020\/11\/dce62aef-4708-4b8b-84f7-c71783e7c779.jpg 1600w\" sizes=\"auto, (max-width: 481px) 100vw, 481px\" \/><\/figure>\n\n\n<h2><strong><span style=\"color: #333333;\">Das Kreativ-Lab ist jeden Mittwoch f\u00fcr alle gro\u00dfen und kleinen Laboranten unter der Leitung von Daniela Ferber offen. Es wird gebastelt, gemalt, der Kreativit\u00e4t sind keine Grenzen gesetzt. Kommt vorbei, es wird euch gefallen!<\/span><\/strong><\/h2>\n<hr \/>\n<h1><strong>Findet wieder in Pr\u00e4sens statt!\u00a0<\/strong><\/h1>\n<h1>Immer Mittwoch:<\/h1>\n<h1>15:00 Uhr &#8211; 17:00 Uhr\u00a0<\/h1>\n<p>\u00a0<\/p>\n<p>Hochstra\u00dfe 16 | 84032 Landshut\u00a0\u00a0<\/p>\n<h2><a href=\"https:\/\/www.elafe.de\/\">https:\/\/www.elafe.de\/<\/a><\/h2>\n<h2>\u00a0<\/h2>\n<p>\u00a0<\/p>","protected":false},"excerpt":{"rendered":"<p>Das Kreativ-Lab ist jeden Mittwoch f\u00fcr alle gro\u00dfen und kleinen Laboranten unter der Leitung von Daniela Ferber offen. Es wird gebastelt, gemalt, der Kreativit\u00e4t sind keine Grenzen gesetzt. Kommt vorbei, es wird euch gefallen! Findet wieder in Pr\u00e4sens statt!\u00a0 Immer &hellip; <a href=\"https:\/\/www.nachbarschaftstreff-dom.de\/?page_id=1397\">Weiterlesen <span class=\"meta-nav\">&rarr;<\/span><\/a><\/p>\n","protected":false},"author":1,"featured_media":0,"parent":0,"menu_order":0,"comment_status":"closed","ping_status":"closed","template":"","meta":{"footnotes":""},"class_list":["post-1397","page","type-page","status-publish","hentry"],"_links":{"self":[{"href":"https:\/\/www.nachbarschaftstreff-dom.de\/index.php?rest_route=\/wp\/v2\/pages\/1397","targetHints":{"allow":["GET"]}}],"collection":[{"href":"https:\/\/www.nachbarschaftstreff-dom.de\/index.php?rest_route=\/wp\/v2\/pages"}],"about":[{"href":"https:\/\/www.nachbarschaftstreff-dom.de\/index.php?rest_route=\/wp\/v2\/types\/page"}],"author":[{"embeddable":true,"href":"https:\/\/www.nachbarschaftstreff-dom.de\/index.php?rest_route=\/wp\/v2\/users\/1"}],"replies":[{"embeddable":true,"href":"https:\/\/www.nachbarschaftstreff-dom.de\/index.php?rest_route=%2Fwp%2Fv2%2Fcomments&post=1397"}],"version-history":[{"count":30,"href":"https:\/\/www.nachbarschaftstreff-dom.de\/index.php?rest_route=\/wp\/v2\/pages\/1397\/revisions"}],"predecessor-version":[{"id":2173,"href":"https:\/\/www.nachbarschaftstreff-dom.de\/index.php?rest_route=\/wp\/v2\/pages\/1397\/revisions\/2173"}],"wp:attachment":[{"href":"https:\/\/www.nachbarschaftstreff-dom.de\/index.php?rest_route=%2Fwp%2Fv2%2Fmedia&parent=1397"}],"curies":[{"name":"wp","href":"https:\/\/api.w.org\/{rel}","templated":true}]}}