{"id":1586,"date":"2020-08-05T11:42:26","date_gmt":"2020-08-05T10:42:26","guid":{"rendered":"http:\/\/www.nachbarschaftstreff-dom.de\/?page_id=1586"},"modified":"2021-06-17T11:24:07","modified_gmt":"2021-06-17T10:24:07","slug":"gartengruppe","status":"publish","type":"page","link":"https:\/\/www.nachbarschaftstreff-dom.de\/?page_id=1586","title":{"rendered":"Gartengruppe DOM"},"content":{"rendered":"<h2><span style=\"color: #333333;\">Die Gartengruppe DOM ist neu unter der Leitung von Daniela Ferber wieder seit Februar aktiv. Die offene Gartengruppe k\u00fcmmert sich um den Garten- pflanzt, gie\u00dft, s\u00e4et aus und erntet, sitzt am Lagerfeuer, k\u00fcmmert sich um neue Projekte im Garten plant und verwirklicht.<\/span><\/h2>\n<h2><span style=\"color: #333333;\"> Immer<strong> freitags 16:00 Uhr-18:00Uhr <\/strong><\/span><\/h2>\n<h2><span style=\"color: #333333;\">Wir freuen uns auf euch!<\/span><\/h2>\n<p><a href=\"http:\/\/www.nachbarschaftstreff-dom.de\/wp-content\/uploads\/2020\/08\/3ca4a632-615c-41a3-b6f1-5c414ff5b9261.jpg\"><img loading=\"lazy\" decoding=\"async\" class=\"size-medium wp-image-1621 alignleft\" title=\"3ca4a632-615c-41a3-b6f1-5c414ff5b926\" src=\"http:\/\/www.nachbarschaftstreff-dom.de\/wp-content\/uploads\/2020\/08\/3ca4a632-615c-41a3-b6f1-5c414ff5b9261-300x225.jpg\" alt=\"\" width=\"300\" height=\"225\" srcset=\"https:\/\/www.nachbarschaftstreff-dom.de\/wp-content\/uploads\/2020\/08\/3ca4a632-615c-41a3-b6f1-5c414ff5b9261-300x225.jpg 300w, https:\/\/www.nachbarschaftstreff-dom.de\/wp-content\/uploads\/2020\/08\/3ca4a632-615c-41a3-b6f1-5c414ff5b9261-1024x768.jpg 1024w, https:\/\/www.nachbarschaftstreff-dom.de\/wp-content\/uploads\/2020\/08\/3ca4a632-615c-41a3-b6f1-5c414ff5b9261.jpg 1600w\" sizes=\"auto, (max-width: 300px) 100vw, 300px\" \/><\/a><a href=\"http:\/\/www.nachbarschaftstreff-dom.de\/wp-content\/uploads\/2020\/08\/ce579694-8bba-4f65-b06f-6741e5f01caf-1.jpg\"><img loading=\"lazy\" decoding=\"async\" class=\"wp-image-1623 alignnone\" title=\"ce579694-8bba-4f65-b06f-6741e5f01caf (1)\" src=\"http:\/\/www.nachbarschaftstreff-dom.de\/wp-content\/uploads\/2020\/08\/ce579694-8bba-4f65-b06f-6741e5f01caf-1-300x225.jpg\" alt=\"\" width=\"312\" height=\"234\" srcset=\"https:\/\/www.nachbarschaftstreff-dom.de\/wp-content\/uploads\/2020\/08\/ce579694-8bba-4f65-b06f-6741e5f01caf-1-300x225.jpg 300w, https:\/\/www.nachbarschaftstreff-dom.de\/wp-content\/uploads\/2020\/08\/ce579694-8bba-4f65-b06f-6741e5f01caf-1-1024x768.jpg 1024w, https:\/\/www.nachbarschaftstreff-dom.de\/wp-content\/uploads\/2020\/08\/ce579694-8bba-4f65-b06f-6741e5f01caf-1.jpg 1600w\" sizes=\"auto, (max-width: 312px) 100vw, 312px\" \/><\/a><a href=\"http:\/\/www.nachbarschaftstreff-dom.de\/wp-content\/uploads\/2020\/08\/7b80e5ca-fc2c-4995-8ba4-37a77ee68a63.jpg\"><img loading=\"lazy\" decoding=\"async\" class=\"size-medium wp-image-1624 alignleft\" title=\"7b80e5ca-fc2c-4995-8ba4-37a77ee68a63\" src=\"http:\/\/www.nachbarschaftstreff-dom.de\/wp-content\/uploads\/2020\/08\/7b80e5ca-fc2c-4995-8ba4-37a77ee68a63-300x225.jpg\" alt=\"\" width=\"300\" height=\"225\" srcset=\"https:\/\/www.nachbarschaftstreff-dom.de\/wp-content\/uploads\/2020\/08\/7b80e5ca-fc2c-4995-8ba4-37a77ee68a63-300x225.jpg 300w, https:\/\/www.nachbarschaftstreff-dom.de\/wp-content\/uploads\/2020\/08\/7b80e5ca-fc2c-4995-8ba4-37a77ee68a63-1024x768.jpg 1024w, https:\/\/www.nachbarschaftstreff-dom.de\/wp-content\/uploads\/2020\/08\/7b80e5ca-fc2c-4995-8ba4-37a77ee68a63.jpg 1600w\" sizes=\"auto, (max-width: 300px) 100vw, 300px\" \/><\/a><a href=\"http:\/\/www.nachbarschaftstreff-dom.de\/wp-content\/uploads\/2020\/08\/20200423_191154.jpg\"><img loading=\"lazy\" decoding=\"async\" class=\"alignnone  wp-image-1594\" title=\"20200423_191154\" src=\"http:\/\/www.nachbarschaftstreff-dom.de\/wp-content\/uploads\/2020\/08\/20200423_191154-300x225.jpg\" alt=\"\" width=\"310\" height=\"232\" srcset=\"https:\/\/www.nachbarschaftstreff-dom.de\/wp-content\/uploads\/2020\/08\/20200423_191154-300x225.jpg 300w, https:\/\/www.nachbarschaftstreff-dom.de\/wp-content\/uploads\/2020\/08\/20200423_191154-1024x768.jpg 1024w\" sizes=\"auto, (max-width: 310px) 100vw, 310px\" \/><\/a><\/p>\n","protected":false},"excerpt":{"rendered":"<p>Die Gartengruppe DOM ist neu unter der Leitung von Daniela Ferber wieder seit Februar aktiv. Die offene Gartengruppe k\u00fcmmert sich um den Garten- pflanzt, gie\u00dft, s\u00e4et aus und erntet, sitzt am Lagerfeuer, k\u00fcmmert sich um neue Projekte im Garten plant &hellip; <a href=\"https:\/\/www.nachbarschaftstreff-dom.de\/?page_id=1586\">Weiterlesen <span class=\"meta-nav\">&rarr;<\/span><\/a><\/p>\n","protected":false},"author":1,"featured_media":0,"parent":0,"menu_order":0,"comment_status":"closed","ping_status":"closed","template":"","meta":{"footnotes":""},"class_list":["post-1586","page","type-page","status-publish","hentry"],"_links":{"self":[{"href":"https:\/\/www.nachbarschaftstreff-dom.de\/index.php?rest_route=\/wp\/v2\/pages\/1586","targetHints":{"allow":["GET"]}}],"collection":[{"href":"https:\/\/www.nachbarschaftstreff-dom.de\/index.php?rest_route=\/wp\/v2\/pages"}],"about":[{"href":"https:\/\/www.nachbarschaftstreff-dom.de\/index.php?rest_route=\/wp\/v2\/types\/page"}],"author":[{"embeddable":true,"href":"https:\/\/www.nachbarschaftstreff-dom.de\/index.php?rest_route=\/wp\/v2\/users\/1"}],"replies":[{"embeddable":true,"href":"https:\/\/www.nachbarschaftstreff-dom.de\/index.php?rest_route=%2Fwp%2Fv2%2Fcomments&post=1586"}],"version-history":[{"count":19,"href":"https:\/\/www.nachbarschaftstreff-dom.de\/index.php?rest_route=\/wp\/v2\/pages\/1586\/revisions"}],"predecessor-version":[{"id":2044,"href":"https:\/\/www.nachbarschaftstreff-dom.de\/index.php?rest_route=\/wp\/v2\/pages\/1586\/revisions\/2044"}],"wp:attachment":[{"href":"https:\/\/www.nachbarschaftstreff-dom.de\/index.php?rest_route=%2Fwp%2Fv2%2Fmedia&parent=1586"}],"curies":[{"name":"wp","href":"https:\/\/api.w.org\/{rel}","templated":true}]}}