{"id":1609,"date":"2020-08-05T17:27:26","date_gmt":"2020-08-05T16:27:26","guid":{"rendered":"http:\/\/www.nachbarschaftstreff-dom.de\/?page_id=1609"},"modified":"2021-06-17T11:23:48","modified_gmt":"2021-06-17T10:23:48","slug":"theatergruppe-dom","status":"publish","type":"page","link":"https:\/\/www.nachbarschaftstreff-dom.de\/?page_id=1609","title":{"rendered":"Theatergruppe DOM"},"content":{"rendered":"<h2><span style=\"color: #000000;\"><del>Die Theatergruppe DOM findet unter der Leitung von Nina Schwab statt.<\/del><\/span><\/h2>\n<h2><span style=\"color: #000000;\"><del> Die Kinder und Jugendlichen lernen sich wie richtige Schauspieler zu bewegen, mit vielen verschiedenen Theater \u00dcbungen. Es werden auch f\u00fcr das j\u00e4hrliche Sommerfest oder andere Veranstaltungen, viele St\u00fccke einge\u00fcbt und Sie werden auch vor Publikum vorgespielt.<\/del><\/span><\/h2>\n<h2><span style=\"color: #000000;\"><del><span style=\"text-decoration: underline;\">Kindergruppe:<\/span><\/del><\/span><\/h2>\n<p><span style=\"color: #000000;\"><del>17:00 Uhr-18:00 Uhr <span style=\"text-decoration: underline;\">5-11 Jahren <\/span><\/del><\/span><\/p>\n<h2><span style=\"color: #000000;\"><del><span style=\"text-decoration: underline;\">Jugendgruppe: <\/span><\/del><\/span><\/h2>\n<p><span style=\"color: #000000;\"><del>18:00 Uhr-19:00 Uhr <span style=\"text-decoration: underline;\">ab 11 Jahren\u00a0<\/span><\/del><\/span><\/p>\n<h2><span style=\"color: #ff0000;\"><b>\u00a0FINDET DERZEIT<em> NICHT<\/em> STATT!\u00a0<\/b><\/span><\/h2>\n<p><span style=\"color: #333333;\"><strong><a href=\"http:\/\/www.nachbarschaftstreff-dom.de\/wp-content\/uploads\/2020\/08\/02a73fed-12dd-4a5b-a61e-ae9853ea839e.jpg\"><img loading=\"lazy\" decoding=\"async\" class=\"alignnone  wp-image-1617\" title=\"02a73fed-12dd-4a5b-a61e-ae9853ea839e\" src=\"http:\/\/www.nachbarschaftstreff-dom.de\/wp-content\/uploads\/2020\/08\/02a73fed-12dd-4a5b-a61e-ae9853ea839e-300x225.jpg\" alt=\"\" width=\"485\" height=\"364\" srcset=\"https:\/\/www.nachbarschaftstreff-dom.de\/wp-content\/uploads\/2020\/08\/02a73fed-12dd-4a5b-a61e-ae9853ea839e-300x225.jpg 300w, https:\/\/www.nachbarschaftstreff-dom.de\/wp-content\/uploads\/2020\/08\/02a73fed-12dd-4a5b-a61e-ae9853ea839e-1024x768.jpg 1024w, https:\/\/www.nachbarschaftstreff-dom.de\/wp-content\/uploads\/2020\/08\/02a73fed-12dd-4a5b-a61e-ae9853ea839e.jpg 1600w\" sizes=\"auto, (max-width: 485px) 100vw, 485px\" \/><\/a> <\/strong><\/span><\/p>\n\n\n<p><\/p>\n","protected":false},"excerpt":{"rendered":"<p>Die Theatergruppe DOM findet unter der Leitung von Nina Schwab statt. Die Kinder und Jugendlichen lernen sich wie richtige Schauspieler zu bewegen, mit vielen verschiedenen Theater \u00dcbungen. Es werden auch f\u00fcr das j\u00e4hrliche Sommerfest oder andere Veranstaltungen, viele St\u00fccke einge\u00fcbt &hellip; <a href=\"https:\/\/www.nachbarschaftstreff-dom.de\/?page_id=1609\">Weiterlesen <span class=\"meta-nav\">&rarr;<\/span><\/a><\/p>\n","protected":false},"author":1,"featured_media":0,"parent":0,"menu_order":0,"comment_status":"closed","ping_status":"closed","template":"","meta":{"footnotes":""},"class_list":["post-1609","page","type-page","status-publish","hentry"],"_links":{"self":[{"href":"https:\/\/www.nachbarschaftstreff-dom.de\/index.php?rest_route=\/wp\/v2\/pages\/1609","targetHints":{"allow":["GET"]}}],"collection":[{"href":"https:\/\/www.nachbarschaftstreff-dom.de\/index.php?rest_route=\/wp\/v2\/pages"}],"about":[{"href":"https:\/\/www.nachbarschaftstreff-dom.de\/index.php?rest_route=\/wp\/v2\/types\/page"}],"author":[{"embeddable":true,"href":"https:\/\/www.nachbarschaftstreff-dom.de\/index.php?rest_route=\/wp\/v2\/users\/1"}],"replies":[{"embeddable":true,"href":"https:\/\/www.nachbarschaftstreff-dom.de\/index.php?rest_route=%2Fwp%2Fv2%2Fcomments&post=1609"}],"version-history":[{"count":14,"href":"https:\/\/www.nachbarschaftstreff-dom.de\/index.php?rest_route=\/wp\/v2\/pages\/1609\/revisions"}],"predecessor-version":[{"id":2160,"href":"https:\/\/www.nachbarschaftstreff-dom.de\/index.php?rest_route=\/wp\/v2\/pages\/1609\/revisions\/2160"}],"wp:attachment":[{"href":"https:\/\/www.nachbarschaftstreff-dom.de\/index.php?rest_route=%2Fwp%2Fv2%2Fmedia&parent=1609"}],"curies":[{"name":"wp","href":"https:\/\/api.w.org\/{rel}","templated":true}]}}