{"id":425,"date":"2015-02-17T16:51:39","date_gmt":"2015-02-17T15:51:39","guid":{"rendered":"http:\/\/www.nachbarschaftstreff-dom.de\/?page_id=425"},"modified":"2017-02-14T15:29:19","modified_gmt":"2017-02-14T14:29:19","slug":"garten-und-park","status":"publish","type":"page","link":"https:\/\/www.nachbarschaftstreff-dom.de\/?page_id=425","title":{"rendered":"Garten und Park"},"content":{"rendered":"<p><a href=\"http:\/\/www.nachbarschaftstreff-dom.de\/wp-content\/uploads\/2015\/02\/april2015.png\"><img loading=\"lazy\" decoding=\"async\" title=\"april2015\" class=\"alignright size-medium wp-image-708\" src=\"http:\/\/www.nachbarschaftstreff-dom.de\/wp-content\/uploads\/2015\/02\/april2015-300x223.png\" alt=\"\" width=\"300\" height=\"223\" srcset=\"https:\/\/www.nachbarschaftstreff-dom.de\/wp-content\/uploads\/2015\/02\/april2015-300x223.png 300w, https:\/\/www.nachbarschaftstreff-dom.de\/wp-content\/uploads\/2015\/02\/april2015.png 622w\" sizes=\"auto, (max-width: 300px) 100vw, 300px\" \/><\/a><\/p>\n<p>An der Grenze zwischen Landshut und Altdorf ist eine neue Gr\u00fcnfl\u00e4che entstanden, die in vieler Hinsicht sehr au\u00dfergew\u00f6hnlich\u00a0ist. Mehr <strong>Fotos <a title=\"Fotos aus dem Gartenjahr 2014\" href=\"http:\/\/www.nachbarschaftstreff-dom.de\/?page_id=515\">hier<\/a><\/strong>.  Die gute Seele des Nachbarschaftstreffs DOM, die Diplom-Sozialp\u00e4dagogin Mascha Siderova-Spilker, hatte es zun\u00e4chst \u00fcber zwei Jahre geschafft, das verwilderte Grundst\u00fcck vor dem Nachbarschaftstreff zusammen mit flei\u00dfigen Helfern vom M\u00fcll zu befreien.  <a href=\"http:\/\/www.nachbarschaftstreff-dom.de\/wp-content\/uploads\/2015\/02\/2013-04-26-17.56.32.jpg\" style=\"color: #ff4b33; line-height: 24px; font-size: 16px;\"><img loading=\"lazy\" decoding=\"async\" title=\"Unser Garten\" class=\"size-medium wp-image-476 alignright\" src=\"http:\/\/www.nachbarschaftstreff-dom.de\/wp-content\/uploads\/2015\/02\/2013-04-26-17.56.32-300x225.jpg\" alt=\"\" width=\"300\" height=\"225\" srcset=\"https:\/\/www.nachbarschaftstreff-dom.de\/wp-content\/uploads\/2015\/02\/2013-04-26-17.56.32-300x225.jpg 300w, https:\/\/www.nachbarschaftstreff-dom.de\/wp-content\/uploads\/2015\/02\/2013-04-26-17.56.32.jpg 640w\" sizes=\"auto, (max-width: 300px) 100vw, 300px\" \/><\/a> Auf der Suche nach Sponsoren f\u00fcr die Umsetzung ihrer Vision von einem interkulturellen Nachbarschaftsgarten nahm sie Kontakt mit dem Lionsclub Landshut auf. Der Vorsitzende Dr. Klaus Timmer vermittelte ihr den Landshuter Landschaftsarchitekten Helmut Wartner als Planer.  Sein B\u00fcro Wartner &amp; Zeitzler erarbeitete mit den Anwohnern im Winter 2012\/13 ein Modell, das schon viele Elemente der heutigen Gr\u00fcnfl\u00e4che enthielt. Der Entwurf der Landschaftsarchitekten setzt alle W\u00fcnsche der Beteiligten um: Kinder und Jugendliche k\u00f6nnen die BMX-Bahn und das Baumhaus mit angrenzender Sandfl\u00e4che f\u00fcr kreatives Spiel nutzen. Die Erwachsenen k\u00f6nnen in Hochbeeten und einer gro\u00dfz\u00fcgigen Fl\u00e4che neben der Streuobstwiese Obst und Gem\u00fcse anbauen und sich hinter der Laubhecke aus heimischen Str\u00e4uchern, die die Spielzone von den Arbeits- und Feierfl\u00e4chen trennt, auf B\u00e4nken ausruhen.  <a href=\"http:\/\/www.nachbarschaftstreff-dom.de\/wp-content\/uploads\/2015\/02\/coverFB.png\"><img loading=\"lazy\" decoding=\"async\" title=\"coverFB\" class=\"alignnone size-large wp-image-478\" src=\"http:\/\/www.nachbarschaftstreff-dom.de\/wp-content\/uploads\/2015\/02\/coverFB-1024x777.png\" alt=\"\" width=\"640\" height=\"485\" srcset=\"https:\/\/www.nachbarschaftstreff-dom.de\/wp-content\/uploads\/2015\/02\/coverFB-1024x777.png 1024w, https:\/\/www.nachbarschaftstreff-dom.de\/wp-content\/uploads\/2015\/02\/coverFB-300x227.png 300w, https:\/\/www.nachbarschaftstreff-dom.de\/wp-content\/uploads\/2015\/02\/coverFB.png 1111w\" sizes=\"auto, (max-width: 640px) 100vw, 640px\" \/><\/a> Ein Festplatz mit Rieselfl\u00e4che liegt im Zentrum und kann f\u00fcr die zahlreichen Feste und Feierlichkeiten an diesem neuen Ort der Begegnung und Identifikation genutzt werden.  Der Eigent\u00fcmer der Fl\u00e4che, die Fa. GBW Management aus Regensburg, unterst\u00fctzt die Planung und \u00fcberl\u00e4sst dem Verein den Baugrund zur Nutzung. Dank der gro\u00dfz\u00fcgigen Spende vom Lions-Club Landshut k\u00f6nnten die Erdarbeiten am Treff beginnen.  Helmut Wartner stellte auch den Kontakt zu zwei \u00f6rtlichen Landschaftsbaufirmen her: Fa. Haun erledigte alle Erd- und Belagsarbeiten nach einer groben Gel\u00e4ndemodellierung und Fa. Haderstorfer setzt jetzt im Rahmen ihrer Lehrlingsausbildung in Projekttagen die Pflasterarbeiten, die Anlage der Rasen- und Wiesenfl\u00e4chen, die Hochbeete und die weiteren Holzarbeiten um.  Ein Highlight des kleinen Parks ist das Baumhaus, das der Johannesbrunner K\u00fcnstler und Holzbildhauer \u00d6rni Poschmann um einen Bergahorn herum aufgestellt hat.  <a href=\"http:\/\/www.nachbarschaftstreff-dom.de\/wp-content\/uploads\/2015\/02\/CIMG6479.jpg\"><img loading=\"lazy\" decoding=\"async\" title=\"CIMG6479\" class=\"alignnone size-full wp-image-479\" src=\"http:\/\/www.nachbarschaftstreff-dom.de\/wp-content\/uploads\/2015\/02\/CIMG6479.jpg\" alt=\"\" width=\"1024\" height=\"768\" srcset=\"https:\/\/www.nachbarschaftstreff-dom.de\/wp-content\/uploads\/2015\/02\/CIMG6479.jpg 1024w, https:\/\/www.nachbarschaftstreff-dom.de\/wp-content\/uploads\/2015\/02\/CIMG6479-300x225.jpg 300w\" sizes=\"auto, (max-width: 1024px) 100vw, 1024px\" \/><\/a> Innerhalb eines halben Jahres ist so mit viel Idealismus durch das gemeinsame Engagement von Sponsoren, Baufirmen und Planern, mit Unterst\u00fctzung des Marktes Altdorf, des Landkreises und der Stadt Landshut ein einmaliges Projekt entstanden, auf das der Verein DOM zu Recht stolz ist.  Da alle Beteiligten ihre Arbeit \u00fcberwiegend ehrenamtlich oder als Spende erbracht haben, wurde die Vision des interkulturellen Nachbarschaftstreffs in Rekordzeit bei knappen finanziellen Mitteln verwirklicht.  Die Anwohner haben jetzt ein neues St\u00fcck Heimat, das sie nutzen, bebauen und erobern k\u00f6nnen.  Gartenprojekt Hochstra\u00dfe wird im Jahr 2015 von\u00a0<em>Stiftungsgemeinschaft anstiftung &amp; ertomis<\/em> aus M\u00fcnchen bei Anschaffung der ben\u00f6tigten Materialien unterst\u00fctzt. Wir sagen DANKE und freuen uns in ihrem Verzeichnis gelistet worden zu sein. Mehr dazu <a title=\"F\u00f6rderung des Gartenprojekts durch Stiftungsgemeinschaft anstiftung &amp; ertomis\" href=\"http:\/\/www.nachbarschaftstreff-dom.de\/?p=662\">hier<\/a>.<\/p>\n","protected":false},"excerpt":{"rendered":"<p>An der Grenze zwischen Landshut und Altdorf ist eine neue Gr\u00fcnfl\u00e4che entstanden, die in vieler Hinsicht sehr au\u00dfergew\u00f6hnlich\u00a0ist. Mehr Fotos hier. Die gute Seele des Nachbarschaftstreffs DOM, die Diplom-Sozialp\u00e4dagogin Mascha Siderova-Spilker, hatte es zun\u00e4chst \u00fcber zwei Jahre geschafft, das verwilderte &hellip; <a href=\"https:\/\/www.nachbarschaftstreff-dom.de\/?page_id=425\">Weiterlesen <span class=\"meta-nav\">&rarr;<\/span><\/a><\/p>\n","protected":false},"author":1,"featured_media":0,"parent":0,"menu_order":0,"comment_status":"closed","ping_status":"closed","template":"","meta":{"footnotes":""},"class_list":["post-425","page","type-page","status-publish","hentry"],"_links":{"self":[{"href":"https:\/\/www.nachbarschaftstreff-dom.de\/index.php?rest_route=\/wp\/v2\/pages\/425","targetHints":{"allow":["GET"]}}],"collection":[{"href":"https:\/\/www.nachbarschaftstreff-dom.de\/index.php?rest_route=\/wp\/v2\/pages"}],"about":[{"href":"https:\/\/www.nachbarschaftstreff-dom.de\/index.php?rest_route=\/wp\/v2\/types\/page"}],"author":[{"embeddable":true,"href":"https:\/\/www.nachbarschaftstreff-dom.de\/index.php?rest_route=\/wp\/v2\/users\/1"}],"replies":[{"embeddable":true,"href":"https:\/\/www.nachbarschaftstreff-dom.de\/index.php?rest_route=%2Fwp%2Fv2%2Fcomments&post=425"}],"version-history":[{"count":14,"href":"https:\/\/www.nachbarschaftstreff-dom.de\/index.php?rest_route=\/wp\/v2\/pages\/425\/revisions"}],"predecessor-version":[{"id":477,"href":"https:\/\/www.nachbarschaftstreff-dom.de\/index.php?rest_route=\/wp\/v2\/pages\/425\/revisions\/477"}],"wp:attachment":[{"href":"https:\/\/www.nachbarschaftstreff-dom.de\/index.php?rest_route=%2Fwp%2Fv2%2Fmedia&parent=425"}],"curies":[{"name":"wp","href":"https:\/\/api.w.org\/{rel}","templated":true}]}}