{"id":543,"date":"2015-02-24T15:54:35","date_gmt":"2015-02-24T14:54:35","guid":{"rendered":"http:\/\/www.nachbarschaftstreff-dom.de\/?page_id=543"},"modified":"2020-08-05T12:03:18","modified_gmt":"2020-08-05T11:03:18","slug":"projekte","status":"publish","type":"page","link":"https:\/\/www.nachbarschaftstreff-dom.de\/?page_id=543","title":{"rendered":"Projekte"},"content":{"rendered":"<p><strong><br \/>\n<\/strong><\/p>\n<h6><span style=\"color: #0000ff;\"><strong><span style=\"font-size: 1.4em;\">Neuer Parkour-Park am Treff !<\/span><\/strong><\/span><\/h6>\n<p><img loading=\"lazy\" decoding=\"async\" class=\"alignnone size-medium wp-image-1523\" title=\"93518046_126372769008225_828609404554182656_n\" src=\"http:\/\/www.nachbarschaftstreff-dom.de\/wp-content\/uploads\/2015\/02\/93518046_126372769008225_828609404554182656_n-300x225.jpg\" alt=\"\" width=\"300\" height=\"225\" srcset=\"https:\/\/www.nachbarschaftstreff-dom.de\/wp-content\/uploads\/2015\/02\/93518046_126372769008225_828609404554182656_n-300x225.jpg 300w, https:\/\/www.nachbarschaftstreff-dom.de\/wp-content\/uploads\/2015\/02\/93518046_126372769008225_828609404554182656_n.jpg 960w\" sizes=\"auto, (max-width: 300px) 100vw, 300px\" \/><\/p>\n<p><span style=\"color: #333333;\">Seit M\u00e4rz 2020 steht bei uns am Treff der neue Parkour-Platz, f\u00fcr tolle neue Projekte in Korporation mit dem <strong><span style=\"color: #000000;\">ETSV 09 Landshut, und Team Urban Sports<\/span><\/strong> unter der Leitung von Alex Siemens. Der Parkour Platz, ist zum Spielen und Trainieren T\u00e4glich von <span style=\"color: #000000;\"><strong>8-21 Uhr<\/strong><\/span> ge\u00f6ffnet, und steht im Hinteren Bereich des Parks. <\/span><\/p>\n<p>&nbsp;<\/p>\n<p><span style=\"color: #0000ff;\"><strong>Kinder und Jugendfestival-Reihe <\/strong><\/span><strong style=\"font-size: 1.4em;\"> <\/strong><\/p>\n<p>Seit fast 10 Jahren veranstalten wir das Kinder und Jugendfestival im Herbst. Es findet immer in der Alten Kaserne Landshut an einem Samstag in Oktober. Es wird gesungen, gebastelt und getanzt, es gibt Workshops, internationales B\u00fcffet, buntes B\u00fchnenprogramm mit Bands, Musik, Tanz und Theater und freien Eintritt.<\/p>\n<p><a href=\"http:\/\/www.nachbarschaftstreff-dom.de\/wp-content\/uploads\/2015\/02\/Jugend_0010.jpeg\"><img loading=\"lazy\" decoding=\"async\" class=\"alignleft size-medium wp-image-791\" title=\"Sommernachtstraum_2016\" src=\"http:\/\/www.nachbarschaftstreff-dom.de\/wp-content\/uploads\/2015\/02\/Jugend_0010-300x200.jpg\" alt=\"\" width=\"300\" height=\"200\" srcset=\"https:\/\/www.nachbarschaftstreff-dom.de\/wp-content\/uploads\/2015\/02\/Jugend_0010-300x200.jpg 300w, https:\/\/www.nachbarschaftstreff-dom.de\/wp-content\/uploads\/2015\/02\/Jugend_0010-1024x684.jpg 1024w, https:\/\/www.nachbarschaftstreff-dom.de\/wp-content\/uploads\/2015\/02\/Jugend_0010.jpeg 1280w\" sizes=\"auto, (max-width: 300px) 100vw, 300px\" \/><\/a><\/p>\n<p>&nbsp;<\/p>\n<p>&nbsp;<\/p>\n<p>&nbsp;<\/p>\n<p>&nbsp;<\/p>\n<p>Hier ein paar <a title=\"Kinder- und Jugendkulturfestival\" href=\"http:\/\/www.nachbarschaftstreff-dom.de\/?page_id=772\">Impressionen 2016<\/a> dazu.<\/p>\n<h3><strong>\u201eAltdorfs nette Nachbarn (ANNA)\u201c <\/strong><\/h3>\n<p>Der Markt Altdorf hat ein Projekt f\u00fcr die Nachbarschaftshilfe \u201eAltdorfs nette Nachbarn (<strong>ANNA<\/strong>) in Kooperation mit <strong>FALA Landshut<\/strong> initiiert. In Oktober 2015 findet eine Infoveranstaltung zum Projekt im Treff statt.<\/p>\n<h3><strong> \u201eMit allen Sinnen\u201c<\/strong><\/h3>\n<p><img loading=\"lazy\" decoding=\"async\" class=\"alignleft size-medium wp-image-805\" title=\"STADTKULTUR Netzwerk Bayerischer St\u00e4dte e.V\" src=\"http:\/\/www.nachbarschaftstreff-dom.de\/wp-content\/uploads\/2015\/02\/STADTKULTUR-Netzwerk-Bayerischer-St\u00e4dte-e.V-300x72.png\" alt=\"\" width=\"210\" height=\"50\" srcset=\"https:\/\/www.nachbarschaftstreff-dom.de\/wp-content\/uploads\/2015\/02\/STADTKULTUR-Netzwerk-Bayerischer-St\u00e4dte-e.V-300x72.png 300w, https:\/\/www.nachbarschaftstreff-dom.de\/wp-content\/uploads\/2015\/02\/STADTKULTUR-Netzwerk-Bayerischer-St\u00e4dte-e.V.png 301w\" sizes=\"auto, (max-width: 210px) 100vw, 210px\" \/><\/p>\n<p>Ab 12. Oktober beginnen wir das Projekt \u201eMit allen Sinnen\u201c in Kooperation mit der Grundschule St.Wolfgang. Als Ergebnis wird im Januar 2016 im Rathausfoyer eine Ausstellung pr\u00e4sentiert.\u00a0In Kooperation mit dem Kulturreferent des Bezirks Niederbayern gibt es am 24.11. einen besonderen Projekttag (<a href=\"http:\/\/www.nachbarschaftstreff-dom.de\/wp-content\/uploads\/2015\/02\/Programm-November-Dezember-2015.pdf\">Programm November &#8211; Dezember  2015<\/a>). Bezuschusst wurde das Projekt von STADTKULTUR Netzwerk Bayerischer St\u00e4dte e.V. aus Mitteln des Kulturfonds Bayern.<\/p>\n<p>&nbsp;<\/p>\n<h3><strong>Telekom Initiative &#8218;Ich kann was&#8216; 2015 <\/strong><\/h3>\n<p>&nbsp;<\/p>\n<p><a href=\"http:\/\/www.nachbarschaftstreff-dom.de\/wp-content\/uploads\/2015\/02\/TelekomIchKannWas.png\"><img loading=\"lazy\" decoding=\"async\" class=\"alignleft size-full wp-image-807\" title=\"TelekomIchKannWas\" src=\"http:\/\/www.nachbarschaftstreff-dom.de\/wp-content\/uploads\/2015\/02\/TelekomIchKannWas.png\" alt=\"\" width=\"98\" height=\"145\" \/><\/a><\/p>\n<p>Auch f\u00fcr die Projektzeit 2015\/2016 ist es uns gelungen, 2 Projekte durch die Initiative der deutschen Telekom \u201eIch kann was!\u201c f\u00f6rdern zu lassen: eine neue Jugendgruppe wird am Treff entstehen und einen Erlebnispfad \u201eDUGA\u201c bauen wir gemeinsam im B\u00fcrgerpark.<\/p>\n<h3><strong>Deutschkurse f\u00fcr Frauen<\/strong><\/h3>\n<p><img loading=\"lazy\" decoding=\"async\" class=\"alignleft size-full wp-image-806\" title=\"Soroptimist Club-Landshut\" src=\"http:\/\/www.nachbarschaftstreff-dom.de\/wp-content\/uploads\/2015\/02\/Soroptimist-Club-Landshut.png\" alt=\"\" width=\"136\" height=\"138\" \/><\/p>\n<p>Die Deutschkurse f\u00fcr Frauen haben nach der Sommerpause wieder begonnen. 2 Kurse werden vom BAMF gef\u00f6rdert, den 3. Kurs im Treff f\u00f6rdert das <strong>Soroptimist Club-Landshut<\/strong>. Wir danken sehr herzlich f\u00fcr die Unterst\u00fctzung und freuen auf neue Kursteilnehmerinnen!<\/p>\n<h3><strong>\u201eK\u00fcnste, die DIE WELT bedeuteten\u201c das M\u00e4rchenprojekt mit der Grundschule Konradin in Auloh<\/strong><\/h3>\n<p><a href=\"http:\/\/www.nachbarschaftstreff-dom.de\/wp-content\/uploads\/2015\/02\/GS_Auloh.jpg\"><img loading=\"lazy\" decoding=\"async\" class=\"size-medium wp-image-544 alignleft\" title=\"GS_Auloh\" src=\"http:\/\/www.nachbarschaftstreff-dom.de\/wp-content\/uploads\/2015\/02\/GS_Auloh-300x200.jpg\" alt=\"\" width=\"300\" height=\"200\" srcset=\"https:\/\/www.nachbarschaftstreff-dom.de\/wp-content\/uploads\/2015\/02\/GS_Auloh-300x200.jpg 300w, https:\/\/www.nachbarschaftstreff-dom.de\/wp-content\/uploads\/2015\/02\/GS_Auloh-1024x682.jpg 1024w\" sizes=\"auto, (max-width: 300px) 100vw, 300px\" \/><\/a><\/p>\n<p>Anfang Juni fand eine sch\u00f6ne und sehr kreative Ausstellung in R\u00f6cklturm in Landshut statt.<\/p>\n<p>Kinder von der Grundschule Konradin Auloh haben gemeinsam mit dem DOM \u2013 Team \u2013 Marina Emmert, Nina Schwab, Tatjana Gschossmann \u2013 M\u00e4rchenfiguren aus den Kochl\u00f6ffeln gestaltet, Lap-Book und M\u00e4rchenkalender vorbereitetet, und auch selbst ein Theaterst\u00fcck gespielt! Herzlichen Dank\u00a0 an die Schulleitung und das Lehrerkollegium, und an die \u201eK\u00fcnstler\u201c f\u00fcr ein tolles Projekt!<\/p>\n<p>Zur Vorgeschichte: Im November 2013 hat Nina Schwab ein Projekt \u201eEs war einmal.. \u2013 internationale M\u00e4rchenwelt in Landshut\u201c in Kooperation mit der Grundschule St.Nikola in Landshut gestartet: Sch\u00fclerInnen haben Bilder zu verschiedenen M\u00e4rchen gemalt, M\u00e4rchenst\u00e4dte auf dem Papier getr\u00e4umt, und sogar ein richtiges Theaterst\u00fcck \u201eAli-Baba und 40 R\u00e4uber\u201c einstudiert. Die Ausstellung\u00a0 war von 24.01. 14 bis 20.02. 2014 im Rathhausfoyer in der Landshuter Altstadt zu sehen.<\/p>\n<h3><strong>Telekom Initiative &#8218;Ich kann was&#8216; 2014 <\/strong><\/h3>\n<p><strong><a href=\"http:\/\/www.nachbarschaftstreff-dom.de\/wp-content\/uploads\/2015\/02\/2013-08-07-21.36.12.jpg\"><img loading=\"lazy\" decoding=\"async\" class=\"size-thumbnail wp-image-574 alignnone\" title=\"SAMSUNG\" src=\"http:\/\/www.nachbarschaftstreff-dom.de\/wp-content\/uploads\/2015\/02\/2013-08-07-21.36.12-150x150.jpg\" alt=\"\" width=\"150\" height=\"150\" \/><\/a><a href=\"http:\/\/www.nachbarschaftstreff-dom.de\/wp-content\/uploads\/2015\/02\/IMG_0642.jpg\"><img loading=\"lazy\" decoding=\"async\" class=\"alignnone size-thumbnail wp-image-645\" title=\"Deisling\" src=\"http:\/\/www.nachbarschaftstreff-dom.de\/wp-content\/uploads\/2015\/02\/IMG_0642-150x150.jpg\" alt=\"\" width=\"150\" height=\"150\" \/><\/a><\/strong><\/p>\n<ul>\n<li><em>Kochbuch &#8222;G\u00f6ttliche Mutterspeise&#8220;: <a title=\"Kochbuch\" href=\"http:\/\/www.nachbarschaftstreff-dom.de\/?page_id=635\">hier mehr dazu<\/a>.<\/em><\/li>\n<\/ul>\n<p><strong> <\/strong><\/p>\n<p><strong><a href=\"http:\/\/www.nachbarschaftstreff-dom.de\/wp-content\/uploads\/2015\/02\/AmphitheaterHolz-Klein.png\"><img loading=\"lazy\" decoding=\"async\" class=\"size-thumbnail wp-image-575 alignnone\" title=\"AmphitheaterHolz Klein\" src=\"http:\/\/www.nachbarschaftstreff-dom.de\/wp-content\/uploads\/2015\/02\/AmphitheaterHolz-Klein-150x150.png\" alt=\"\" width=\"150\" height=\"150\" \/><\/a><\/strong><\/p>\n<ul>\n<li><em>Amphitheater &#8222;M\u00e4rchenwelt&#8220; : Seite kommt in K\u00fcrze.<\/em><\/li>\n<\/ul>\n<h3><strong>Fest der Kulturen 2012-2013-2014 am L\u00e4ndtorplatz in der Altstadt<\/strong><\/h3>\n<p><strong><a href=\"http:\/\/www.nachbarschaftstreff-dom.de\/wp-content\/uploads\/2015\/02\/2012-09-22-12.41.23.jpg\"><img loading=\"lazy\" decoding=\"async\" class=\"alignleft size-medium wp-image-577\" title=\"SAMSUNG\" src=\"http:\/\/www.nachbarschaftstreff-dom.de\/wp-content\/uploads\/2015\/02\/2012-09-22-12.41.23-300x225.jpg\" alt=\"\" width=\"300\" height=\"225\" srcset=\"https:\/\/www.nachbarschaftstreff-dom.de\/wp-content\/uploads\/2015\/02\/2012-09-22-12.41.23-300x225.jpg 300w, https:\/\/www.nachbarschaftstreff-dom.de\/wp-content\/uploads\/2015\/02\/2012-09-22-12.41.23-1024x768.jpg 1024w\" sizes=\"auto, (max-width: 300px) 100vw, 300px\" \/><\/a><\/strong><\/p>\n<p>Der Treff ist durch den Seniorenchor DOM, Moderation des Kulturprogramms, Justin`s Kaspertheater sowie die Organisation des kompletten Kinderzeltes bei diesem zweit\u00e4gigen Familien-Kulturfest im Herzen der Altstadt j\u00e4hrlich dabei.<\/p>\n<p>&nbsp;<\/p>\n<p>&nbsp;<\/p>\n<h3><strong>L\u00e4nderabende im Treff<\/strong><\/h3>\n<p>Ein Abend im j\u00fcdischen Stetl in Wei\u00dfrussland: am 4. Februar 2014 stellte Mascha Sidorova-Spilker eine Bilderreise mit Musik, Tee und Geb\u00e4ck nach West-Wei\u00dfrussland vor.<\/p>\n<p>Oder Folkloreabend und Fotoausstellung zum \u201eKulturraum Ex-Jugoslawien\u201c, Sommer 2014.<\/p>\n<h3><strong>Hospitationsprogramm \u201eJugendarbeit in Deutschland und Russland\u201c<\/strong><\/h3>\n<p>Natascha Desjatskowa, Erzieherin aus St.Petersburg, Russland,\u00a0 war im Rahmen des Hospitationsprogramm \u201eJugendarbeit in Deutschland und Russland\u201c von 24. Juni bis 20. Juli 2014 bei uns im Treff. Herzlichen Dank, Natascha!<\/p>\n<h3><strong>Spendenaktion &#8222;Flut am Balkan&#8220;<\/strong><\/h3>\n<p><strong><a href=\"http:\/\/www.nachbarschaftstreff-dom.de\/wp-content\/uploads\/2015\/02\/Aktionsbild-Kopie1.png\"><img loading=\"lazy\" decoding=\"async\" class=\"alignnone size-large wp-image-569\" title=\"Aktionsbild\" src=\"http:\/\/www.nachbarschaftstreff-dom.de\/wp-content\/uploads\/2015\/02\/Aktionsbild-Kopie1-1024x508.png\" alt=\"\" width=\"640\" height=\"317\" srcset=\"https:\/\/www.nachbarschaftstreff-dom.de\/wp-content\/uploads\/2015\/02\/Aktionsbild-Kopie1-1024x508.png 1024w, https:\/\/www.nachbarschaftstreff-dom.de\/wp-content\/uploads\/2015\/02\/Aktionsbild-Kopie1-300x148.png 300w, https:\/\/www.nachbarschaftstreff-dom.de\/wp-content\/uploads\/2015\/02\/Aktionsbild-Kopie1.png 1229w\" sizes=\"auto, (max-width: 640px) 100vw, 640px\" \/><\/a><br \/>\n<\/strong><\/p>\n<h3><strong>Weitere Projekte:<\/strong><\/h3>\n<ul>\n<li>Musikprojekt \u201eSingen. B\u00fcndnisse\u201c;\u00a0Das Chorprojekt in Kooperation mit der Musikschule der Stadt Landshut und der Grundschule Nikola<\/li>\n<li>Familienfreizeit und Sommerfreizeit in\u00a0Veitsbuch<\/li>\n<li>Internationaler Sch\u00fclleraustausch<\/li>\n<li>Beteiligungen am Nikola-Stadtteilfest, Interkulturellen Wochen Landshut, usw.<\/li>\n<\/ul>\n<div>\n<p><a href=\"http:\/\/www.nachbarschaftstreff-dom.de\/wp-content\/uploads\/2015\/02\/ferien.jpg\"><img loading=\"lazy\" decoding=\"async\" class=\"size-medium wp-image-562 alignleft\" title=\"Ferienprogramm\" src=\"http:\/\/www.nachbarschaftstreff-dom.de\/wp-content\/uploads\/2015\/02\/ferien-300x200.jpg\" alt=\"\" width=\"300\" height=\"200\" srcset=\"https:\/\/www.nachbarschaftstreff-dom.de\/wp-content\/uploads\/2015\/02\/ferien-300x200.jpg 300w, https:\/\/www.nachbarschaftstreff-dom.de\/wp-content\/uploads\/2015\/02\/ferien-1024x682.jpg 1024w\" sizes=\"auto, (max-width: 300px) 100vw, 300px\" \/><\/a><\/p>\n<p>Sch\u00f6ne Gr\u00fc\u00dfe vom Starnberger See, aus dem Buchheim Museum der Phantasie: Kinder und Eltern in Bernried in den Osterferien 2014.<\/p>\n<\/div>\n<p>&nbsp;<\/p>\n<p>&nbsp;<\/p>\n<p>&nbsp;<\/p>\n<p>&nbsp;<\/p>\n","protected":false},"excerpt":{"rendered":"<p>Neuer Parkour-Park am Treff ! Seit M\u00e4rz 2020 steht bei uns am Treff der neue Parkour-Platz, f\u00fcr tolle neue Projekte in Korporation mit dem ETSV 09 Landshut, und Team Urban Sports unter der Leitung von Alex Siemens. Der Parkour Platz, &hellip; <a href=\"https:\/\/www.nachbarschaftstreff-dom.de\/?page_id=543\">Weiterlesen <span class=\"meta-nav\">&rarr;<\/span><\/a><\/p>\n","protected":false},"author":2,"featured_media":0,"parent":0,"menu_order":0,"comment_status":"closed","ping_status":"closed","template":"","meta":{"footnotes":""},"class_list":["post-543","page","type-page","status-publish","hentry"],"_links":{"self":[{"href":"https:\/\/www.nachbarschaftstreff-dom.de\/index.php?rest_route=\/wp\/v2\/pages\/543","targetHints":{"allow":["GET"]}}],"collection":[{"href":"https:\/\/www.nachbarschaftstreff-dom.de\/index.php?rest_route=\/wp\/v2\/pages"}],"about":[{"href":"https:\/\/www.nachbarschaftstreff-dom.de\/index.php?rest_route=\/wp\/v2\/types\/page"}],"author":[{"embeddable":true,"href":"https:\/\/www.nachbarschaftstreff-dom.de\/index.php?rest_route=\/wp\/v2\/users\/2"}],"replies":[{"embeddable":true,"href":"https:\/\/www.nachbarschaftstreff-dom.de\/index.php?rest_route=%2Fwp%2Fv2%2Fcomments&post=543"}],"version-history":[{"count":54,"href":"https:\/\/www.nachbarschaftstreff-dom.de\/index.php?rest_route=\/wp\/v2\/pages\/543\/revisions"}],"predecessor-version":[{"id":1607,"href":"https:\/\/www.nachbarschaftstreff-dom.de\/index.php?rest_route=\/wp\/v2\/pages\/543\/revisions\/1607"}],"wp:attachment":[{"href":"https:\/\/www.nachbarschaftstreff-dom.de\/index.php?rest_route=%2Fwp%2Fv2%2Fmedia&parent=543"}],"curies":[{"name":"wp","href":"https:\/\/api.w.org\/{rel}","templated":true}]}}