{"id":6,"date":"2011-06-18T22:03:36","date_gmt":"2011-06-18T22:03:36","guid":{"rendered":"http:\/\/www.nachbarschaftstreff-dom.de\/?page_id=6"},"modified":"2021-06-08T08:56:12","modified_gmt":"2021-06-08T07:56:12","slug":"gruppen-%d0%b7%d0%b0%d0%bd%d1%8f%d1%82%d0%b8%d1%8f","status":"publish","type":"page","link":"https:\/\/www.nachbarschaftstreff-dom.de\/?page_id=6","title":{"rendered":"Kurse"},"content":{"rendered":"<h2>\u00a0<\/h2>\n<hr \/>\n<div><strong>MiA \u2013 Migrantinnen stark im Alltag<\/strong><\/div>\n<div><strong>(Deutschkurse f\u00fcr Frauen)<\/strong><\/div>\n<div><strong>\u00a0<\/strong><\/div>\n<div><strong>\u201eDeutschkurs \u2013 mit uns!\u201c<\/strong><\/div>\n<div>Der Nachbarschaftstreff DOM bietet in Kooperation mit dem Bundesamt f\u00fcr Migration und Fl\u00fcchtlinge (BAMF) und dem Soroptimist-Club Landshut Deutschkurse f\u00fcr Frauen ab 16 Jahren unabh\u00e4ngig ihrer Herkunft an. F\u00fcr Kinder wird eine Kinderbetreuung organisiert. Die Teilnahme an den Kursen ist kostenfrei und nach telefonischer Voranmeldung jederzeit m\u00f6glich.<\/div>\n<div>Momentan finden alle Kurse beim Nachbarschaftstreff DOM statt.<\/div>\n<div><strong>Der aktuelle Wochenplan:<\/strong><\/div>\n<div>\u2022 montags, 10.00-12.00<\/div>\n<div>Leitung: Mascha Sidorova-Spilker, 0176\/70585389<\/div>\n<div>\u2022 dienstags, 9.00 \u2013 11.00<\/div>\n<div>Leitung: Irene Martens, 0151\/15618675<\/div>\n<div>\u2022 donnerstags, 9.00 \u2013 11.00,<\/div>\n<div>Leitung: Irene Martens, 0151\/15618675<\/div>\n<div>Wir freuen uns auf Sie und Euch, bleibt gesund,<\/div>\n<div>das DOM-Team und Mascha Sidorova-Spilker.\n<p>\u00a0<\/p>\n<hr \/>\n<p>\u00a0<\/p>\n<\/div>\n<div>\u00a0<\/div>\n<p><span style=\"text-decoration: underline;\"><strong>Russischkurs:\u00a0 <\/strong><\/span>Russisch als Herkunftssprache f\u00fcr Kinder <strong>Donnerstags, 14.00 -15.00<\/strong>:russische Schule (50 \u20ac f\u00fcr 10 Mal) 15.00 \u2013 17.30: Kinderclub in russischer Sprache. Infos und Anmeldung unter0716\/70585389<\/p>\n<hr \/>\n<p><strong><span style=\"text-decoration: underline;\">Mathematik-Gruppe <\/span>:<\/strong><\/p>\n<p>Offene Mathematik-Gruppe im Treff Vladimir Bourbo und sein Team sind f\u00fcr Euch da! Unkostenbeitrag: 5 \u20ac pro Nachmittag.<strong><strong> Freitags, 14.00 \u2013 15.30<\/strong><\/strong><\/p>\n<hr \/>\n<p><span style=\"text-decoration: underline;\"><strong>Theatergruppe DOM: <\/strong><\/span><\/p>\n<p>Theatergruppe f\u00fcr Kinder und Jugendliche,<strong> freitags 17.00 \u2013 18.00 Uhr Kindergruppe 5-10 J. 18:00-19:00 Uhr Jugendgruppe ab 10 J. <\/strong>mit Nina Schwab.<\/p>\n<hr \/>\n<p><span style=\"text-decoration: underline;\"><strong>Gartengruppe: <\/strong><\/span><\/p>\n<p>Offene Gartengruppe mit Daniela ab Februar 2020 <strong>Freitags\u00a0 16.00 \u2013 18.00<\/strong> Die offene Gartengruppe k\u00fcmmert sich um den Garten- pflanzt, gie\u00dft, s\u00e4et aus und erntet, sitzt am Lagerfeuer und hat jede Menge Spa\u00df; die Gruppe ist f\u00fcr alle Gartenliebhaber von 0 bis 99 Jahre offen.\u00a0\u00a0<\/p>\n<hr \/>\n<p><span style=\"text-decoration: underline;\"><strong>Kreativlab f\u00fcr Kinder : <\/strong><\/span><\/p>\n<p>KreativLab mit Daniela Ferber (Atelier ElaFe) Kinder gestalten, basteln, kreieren aus Papier, Wolle und anderen Materialien (f\u00fcr Kinder und Erwachsene ab 3 Jahre) <strong>mittwochs 16.00 \u2013 18.00<\/strong>, Materialkostenbeitrag: 3 \u20ac.<\/p>\n<hr \/>\n\n\n<p><\/p>\n","protected":false},"excerpt":{"rendered":"<p>\u00a0 MiA \u2013 Migrantinnen stark im Alltag (Deutschkurse f\u00fcr Frauen) \u00a0 \u201eDeutschkurs \u2013 mit uns!\u201c Der Nachbarschaftstreff DOM bietet in Kooperation mit dem Bundesamt f\u00fcr Migration und Fl\u00fcchtlinge (BAMF) und dem Soroptimist-Club Landshut Deutschkurse f\u00fcr Frauen ab 16 Jahren unabh\u00e4ngig &hellip; <a href=\"https:\/\/www.nachbarschaftstreff-dom.de\/?page_id=6\">Weiterlesen <span class=\"meta-nav\">&rarr;<\/span><\/a><\/p>\n","protected":false},"author":1,"featured_media":0,"parent":0,"menu_order":0,"comment_status":"closed","ping_status":"closed","template":"","meta":{"footnotes":""},"class_list":["post-6","page","type-page","status-publish","hentry"],"_links":{"self":[{"href":"https:\/\/www.nachbarschaftstreff-dom.de\/index.php?rest_route=\/wp\/v2\/pages\/6","targetHints":{"allow":["GET"]}}],"collection":[{"href":"https:\/\/www.nachbarschaftstreff-dom.de\/index.php?rest_route=\/wp\/v2\/pages"}],"about":[{"href":"https:\/\/www.nachbarschaftstreff-dom.de\/index.php?rest_route=\/wp\/v2\/types\/page"}],"author":[{"embeddable":true,"href":"https:\/\/www.nachbarschaftstreff-dom.de\/index.php?rest_route=\/wp\/v2\/users\/1"}],"replies":[{"embeddable":true,"href":"https:\/\/www.nachbarschaftstreff-dom.de\/index.php?rest_route=%2Fwp%2Fv2%2Fcomments&post=6"}],"version-history":[{"count":48,"href":"https:\/\/www.nachbarschaftstreff-dom.de\/index.php?rest_route=\/wp\/v2\/pages\/6\/revisions"}],"predecessor-version":[{"id":2145,"href":"https:\/\/www.nachbarschaftstreff-dom.de\/index.php?rest_route=\/wp\/v2\/pages\/6\/revisions\/2145"}],"wp:attachment":[{"href":"https:\/\/www.nachbarschaftstreff-dom.de\/index.php?rest_route=%2Fwp%2Fv2%2Fmedia&parent=6"}],"curies":[{"name":"wp","href":"https:\/\/api.w.org\/{rel}","templated":true}]}}