{"id":635,"date":"2015-03-10T12:43:05","date_gmt":"2015-03-10T11:43:05","guid":{"rendered":"http:\/\/www.nachbarschaftstreff-dom.de\/?page_id=635"},"modified":"2015-03-10T12:48:45","modified_gmt":"2015-03-10T11:48:45","slug":"kochbuch","status":"publish","type":"page","link":"https:\/\/www.nachbarschaftstreff-dom.de\/?page_id=635","title":{"rendered":"Kochbuch"},"content":{"rendered":"<h3>&#8222;G\u00f6ttliche Mutterspeisen&#8220; mit Familiengeschichten<\/h3>\n<p>Projekt bei der Telekom Initiative &#8222;Ich kann was&#8220; 2014<\/p>\n<ul>\n<li>AG vorbereitet das Thema: Ideensammlung, Interview-Fragen, Titel, Titelbild, Layout, Foto.<\/li>\n<li>Kleinere Teams besuchen Familien in der Nachbarschaft (auch eigene, wenn m\u00f6glich) und interviewen sie bzgl. der Heimatk\u00fcche und Br\u00e4uchen bei Familienfesten.<\/li>\n<li>Eine heimat-spezifische Speise wird zusammen zubereitet und photographiert, ein Rezept zusammengeschrieben und nachfolgend die Geschichte zu der Familie, zu dem jeweiligen Land, dieser Speise oder den Festlichkeiten zu denen sie vorwiegend gekocht wird zur Papier gebracht. Alles kommt in das Kochbuch.<\/li>\n<li>AG k\u00fcmmert sich danach, um die Ver\u00f6ffentlichung vom Buch. Elektronische Aufarbeitung, Book on Demand, Auftrag f\u00fcr die Druckerei f\u00fcr eine limitierte Auflage werden unsere Themen.<\/li>\n<li>Buch-Vorf\u00fchrung in einem kulinarischen Fest als Abschluss.<\/li>\n<li>Bei Interesse, bitte im Treff anfragen (keine geschlossene Gruppe)<\/li>\n<\/ul>\n<p><a href=\"http:\/\/www.nachbarschaftstreff-dom.de\/wp-content\/uploads\/2015\/03\/IMG_0580.jpg\"><\/a><a href=\"http:\/\/www.nachbarschaftstreff-dom.de\/wp-content\/uploads\/2015\/03\/IMG_05921.jpg\"><img loading=\"lazy\" decoding=\"async\" class=\"alignnone size-medium wp-image-640\" title=\"Kasachisch_FamDeisling_11\" src=\"http:\/\/www.nachbarschaftstreff-dom.de\/wp-content\/uploads\/2015\/03\/IMG_05921-200x300.jpg\" alt=\"\" width=\"200\" height=\"300\" srcset=\"https:\/\/www.nachbarschaftstreff-dom.de\/wp-content\/uploads\/2015\/03\/IMG_05921-200x300.jpg 200w, https:\/\/www.nachbarschaftstreff-dom.de\/wp-content\/uploads\/2015\/03\/IMG_05921-682x1024.jpg 682w\" sizes=\"auto, (max-width: 200px) 100vw, 200px\" \/><\/a><a href=\"http:\/\/www.nachbarschaftstreff-dom.de\/wp-content\/uploads\/2015\/03\/IMG_0580.jpg\"><img loading=\"lazy\" decoding=\"async\" title=\"Kasachisch_FamDeisling_1\" src=\"http:\/\/www.nachbarschaftstreff-dom.de\/wp-content\/uploads\/2015\/03\/IMG_0580-300x200.jpg\" alt=\"\" width=\"300\" height=\"200\" \/><\/a><a href=\"http:\/\/www.nachbarschaftstreff-dom.de\/wp-content\/uploads\/2015\/03\/IMG_0612.jpg\"><img loading=\"lazy\" decoding=\"async\" class=\"alignnone size-medium wp-image-638\" title=\"Kasachisch_FamDeisling_2\" src=\"http:\/\/www.nachbarschaftstreff-dom.de\/wp-content\/uploads\/2015\/03\/IMG_0612-300x200.jpg\" alt=\"\" width=\"300\" height=\"200\" srcset=\"https:\/\/www.nachbarschaftstreff-dom.de\/wp-content\/uploads\/2015\/03\/IMG_0612-300x200.jpg 300w, https:\/\/www.nachbarschaftstreff-dom.de\/wp-content\/uploads\/2015\/03\/IMG_0612-1024x682.jpg 1024w\" sizes=\"auto, (max-width: 300px) 100vw, 300px\" \/><\/a><a href=\"http:\/\/www.nachbarschaftstreff-dom.de\/wp-content\/uploads\/2015\/03\/IMG_0642.jpg\"><img loading=\"lazy\" decoding=\"async\" class=\"alignnone size-medium wp-image-641\" title=\"Kasachisch_Deisling_21\" src=\"http:\/\/www.nachbarschaftstreff-dom.de\/wp-content\/uploads\/2015\/03\/IMG_0642-200x300.jpg\" alt=\"\" width=\"200\" height=\"300\" srcset=\"https:\/\/www.nachbarschaftstreff-dom.de\/wp-content\/uploads\/2015\/03\/IMG_0642-200x300.jpg 200w, https:\/\/www.nachbarschaftstreff-dom.de\/wp-content\/uploads\/2015\/03\/IMG_0642-682x1024.jpg 682w\" sizes=\"auto, (max-width: 200px) 100vw, 200px\" \/><\/a><a href=\"http:\/\/www.nachbarschaftstreff-dom.de\/wp-content\/uploads\/2015\/03\/IMG_0655.jpg\"><img loading=\"lazy\" decoding=\"async\" class=\"alignnone size-medium wp-image-642\" title=\"Kasachisch_Deisling_3\" src=\"http:\/\/www.nachbarschaftstreff-dom.de\/wp-content\/uploads\/2015\/03\/IMG_0655-200x300.jpg\" alt=\"\" width=\"200\" height=\"300\" srcset=\"https:\/\/www.nachbarschaftstreff-dom.de\/wp-content\/uploads\/2015\/03\/IMG_0655-200x300.jpg 200w, https:\/\/www.nachbarschaftstreff-dom.de\/wp-content\/uploads\/2015\/03\/IMG_0655-682x1024.jpg 682w\" sizes=\"auto, (max-width: 200px) 100vw, 200px\" \/><\/a><a href=\"http:\/\/www.nachbarschaftstreff-dom.de\/wp-content\/uploads\/2015\/03\/IMG_0705.jpg\"><img loading=\"lazy\" decoding=\"async\" class=\"alignnone size-medium wp-image-643\" title=\"Kasachisch_Deisling_31\" src=\"http:\/\/www.nachbarschaftstreff-dom.de\/wp-content\/uploads\/2015\/03\/IMG_0705-300x200.jpg\" alt=\"\" width=\"300\" height=\"200\" srcset=\"https:\/\/www.nachbarschaftstreff-dom.de\/wp-content\/uploads\/2015\/03\/IMG_0705-300x200.jpg 300w, https:\/\/www.nachbarschaftstreff-dom.de\/wp-content\/uploads\/2015\/03\/IMG_0705-1024x682.jpg 1024w\" sizes=\"auto, (max-width: 300px) 100vw, 300px\" \/><\/a><\/p>\n","protected":false},"excerpt":{"rendered":"<p>&#8222;G\u00f6ttliche Mutterspeisen&#8220; mit Familiengeschichten Projekt bei der Telekom Initiative &#8222;Ich kann was&#8220; 2014 AG vorbereitet das Thema: Ideensammlung, Interview-Fragen, Titel, Titelbild, Layout, Foto. Kleinere Teams besuchen Familien in der Nachbarschaft (auch eigene, wenn m\u00f6glich) und interviewen sie bzgl. der Heimatk\u00fcche &hellip; <a href=\"https:\/\/www.nachbarschaftstreff-dom.de\/?page_id=635\">Weiterlesen <span class=\"meta-nav\">&rarr;<\/span><\/a><\/p>\n","protected":false},"author":2,"featured_media":0,"parent":0,"menu_order":0,"comment_status":"closed","ping_status":"closed","template":"","meta":{"footnotes":""},"class_list":["post-635","page","type-page","status-publish","hentry"],"_links":{"self":[{"href":"https:\/\/www.nachbarschaftstreff-dom.de\/index.php?rest_route=\/wp\/v2\/pages\/635","targetHints":{"allow":["GET"]}}],"collection":[{"href":"https:\/\/www.nachbarschaftstreff-dom.de\/index.php?rest_route=\/wp\/v2\/pages"}],"about":[{"href":"https:\/\/www.nachbarschaftstreff-dom.de\/index.php?rest_route=\/wp\/v2\/types\/page"}],"author":[{"embeddable":true,"href":"https:\/\/www.nachbarschaftstreff-dom.de\/index.php?rest_route=\/wp\/v2\/users\/2"}],"replies":[{"embeddable":true,"href":"https:\/\/www.nachbarschaftstreff-dom.de\/index.php?rest_route=%2Fwp%2Fv2%2Fcomments&post=635"}],"version-history":[{"count":3,"href":"https:\/\/www.nachbarschaftstreff-dom.de\/index.php?rest_route=\/wp\/v2\/pages\/635\/revisions"}],"predecessor-version":[{"id":648,"href":"https:\/\/www.nachbarschaftstreff-dom.de\/index.php?rest_route=\/wp\/v2\/pages\/635\/revisions\/648"}],"wp:attachment":[{"href":"https:\/\/www.nachbarschaftstreff-dom.de\/index.php?rest_route=%2Fwp%2Fv2%2Fmedia&parent=635"}],"curies":[{"name":"wp","href":"https:\/\/api.w.org\/{rel}","templated":true}]}}